{"id":14,"date":"2025-08-30T19:10:51","date_gmt":"2025-08-31T00:10:51","guid":{"rendered":"https:\/\/festivalamericanodelmaiz.com\/?page_id=14"},"modified":"2025-09-26T12:52:12","modified_gmt":"2025-09-26T17:52:12","slug":"participa","status":"publish","type":"page","link":"https:\/\/festivalamericanodelmaiz.com\/index.php\/participa\/","title":{"rendered":"Participa"},"content":{"rendered":"<style>.kb-row-layout-id14_bdd6bb-a9 > .kt-row-column-wrap{align-content:start;}:where(.kb-row-layout-id14_bdd6bb-a9 > .kt-row-column-wrap) > .wp-block-kadence-column{justify-content:start;}.kb-row-layout-id14_bdd6bb-a9 > .kt-row-column-wrap{column-gap:var(--global-kb-gap-lg, 4rem);row-gap:var(--global-kb-gap-md, 2rem);padding-top:var(--global-kb-spacing-sm, 1.5rem);padding-bottom:var(--global-kb-spacing-sm, 1.5rem);grid-template-columns:repeat(2, minmax(0, 1fr));}.kb-row-layout-id14_bdd6bb-a9 > .kt-row-layout-overlay{opacity:0.30;}@media all and (max-width: 1024px){.kb-row-layout-id14_bdd6bb-a9 > .kt-row-column-wrap{grid-template-columns:repeat(2, minmax(0, 1fr));}}@media all and (max-width: 767px){.kb-row-layout-id14_bdd6bb-a9 > .kt-row-column-wrap{grid-template-columns:minmax(0, 1fr);}}<\/style><div class=\"kb-row-layout-wrap kb-row-layout-id14_bdd6bb-a9 alignnone wp-block-kadence-rowlayout\"><div class=\"kt-row-column-wrap kt-has-2-columns kt-row-layout-equal kt-tab-layout-inherit kt-mobile-layout-row kt-row-valign-top\">\n<style>.kadence-column14_ac5c0f-c1 > .kt-inside-inner-col,.kadence-column14_ac5c0f-c1 > .kt-inside-inner-col:before{border-top-left-radius:0px;border-top-right-radius:0px;border-bottom-right-radius:0px;border-bottom-left-radius:0px;}.kadence-column14_ac5c0f-c1 > .kt-inside-inner-col{column-gap:var(--global-kb-gap-sm, 1rem);}.kadence-column14_ac5c0f-c1 > .kt-inside-inner-col{flex-direction:column;}.kadence-column14_ac5c0f-c1 > .kt-inside-inner-col > .aligncenter{width:100%;}.kadence-column14_ac5c0f-c1 > .kt-inside-inner-col:before{opacity:0.3;}.kadence-column14_ac5c0f-c1{position:relative;}@media all and (max-width: 1024px){.kadence-column14_ac5c0f-c1 > .kt-inside-inner-col{flex-direction:column;justify-content:center;}}@media all and (max-width: 767px){.kadence-column14_ac5c0f-c1 > .kt-inside-inner-col{flex-direction:column;justify-content:center;}}<\/style>\n<div class=\"wp-block-kadence-column kadence-column14_ac5c0f-c1\"><div class=\"kt-inside-inner-col\"><style>.wp-block-kadence-advancedheading.kt-adv-heading14_ac1f99-e6, .wp-block-kadence-advancedheading.kt-adv-heading14_ac1f99-e6[data-kb-block=\"kb-adv-heading14_ac1f99-e6\"]{text-align:center;font-style:normal;}.wp-block-kadence-advancedheading.kt-adv-heading14_ac1f99-e6 mark.kt-highlight, .wp-block-kadence-advancedheading.kt-adv-heading14_ac1f99-e6[data-kb-block=\"kb-adv-heading14_ac1f99-e6\"] mark.kt-highlight{font-style:normal;color:#f76a0c;-webkit-box-decoration-break:clone;box-decoration-break:clone;padding-top:0px;padding-right:0px;padding-bottom:0px;padding-left:0px;}<\/style>\n<h2 class=\"kt-adv-heading14_ac1f99-e6 wp-block-kadence-advancedheading\" data-kb-block=\"kb-adv-heading14_ac1f99-e6\">\u00danete como Patrocinador<\/h2>\n\n\n\n<p>El Festival Americano del Ma\u00edz es una plataforma cultural \u00fanica con un profundo impacto comunitario. Al convertirte en patrocinador, tu marca se asocia a valores de tradici\u00f3n, sostenibilidad y desarrollo social, ganando visibilidad ante un p\u00fablico comprometido. Ofrecemos diversos planes de patrocinio adaptados a tus objetivos. Perm\u00edtenos mostrarte c\u00f3mo tu apoyo puede transformarse en una poderosa alianza de crecimiento mutuo. Cont\u00e1ctanos a trav\u00e9s del formulario para decirte como nos puedes apoyar.<\/p>\n<\/div><\/div>\n\n\n<style>.kadence-column14_692328-62 > .kt-inside-inner-col,.kadence-column14_692328-62 > .kt-inside-inner-col:before{border-top-left-radius:0px;border-top-right-radius:0px;border-bottom-right-radius:0px;border-bottom-left-radius:0px;}.kadence-column14_692328-62 > .kt-inside-inner-col{column-gap:var(--global-kb-gap-sm, 1rem);}.kadence-column14_692328-62 > .kt-inside-inner-col{flex-direction:column;}.kadence-column14_692328-62 > .kt-inside-inner-col > .aligncenter{width:100%;}.kadence-column14_692328-62 > .kt-inside-inner-col:before{opacity:0.3;}.kadence-column14_692328-62{position:relative;}@media all and (max-width: 1024px){.kadence-column14_692328-62 > .kt-inside-inner-col{flex-direction:column;justify-content:center;}}@media all and (max-width: 767px){.kadence-column14_692328-62 > .kt-inside-inner-col{flex-direction:column;justify-content:center;}}<\/style>\n<div class=\"wp-block-kadence-column kadence-column14_692328-62\"><div class=\"kt-inside-inner-col\"><style>.wp-block-kadence-advancedheading.kt-adv-heading14_07ce97-bb, .wp-block-kadence-advancedheading.kt-adv-heading14_07ce97-bb[data-kb-block=\"kb-adv-heading14_07ce97-bb\"]{text-align:center;font-style:normal;}.wp-block-kadence-advancedheading.kt-adv-heading14_07ce97-bb mark.kt-highlight, .wp-block-kadence-advancedheading.kt-adv-heading14_07ce97-bb[data-kb-block=\"kb-adv-heading14_07ce97-bb\"] mark.kt-highlight{font-style:normal;color:#f76a0c;-webkit-box-decoration-break:clone;box-decoration-break:clone;padding-top:0px;padding-right:0px;padding-bottom:0px;padding-left:0px;}<\/style>\n<h2 class=\"kt-adv-heading14_07ce97-bb wp-block-kadence-advancedheading\" data-kb-block=\"kb-adv-heading14_07ce97-bb\">Haz tu Donaci\u00f3n<\/h2>\n\n\n\n<p>Para que la cultura del ma\u00edz siga viva, cada grano cuenta. Tu donaci\u00f3n personal, sin importar el monto, nos ayuda directamente a apoyar a los artistas, agricultores y talleristas que hacen posible este festival. Es un aporte directo al coraz\u00f3n de nuestra causa. Si deseas que tu contribuci\u00f3n sea an\u00f3nima, respetamos y facilitamos tu decisi\u00f3n. Utiliza nuestro formulario de contacto para indicarnos tu inter\u00e9s en donar y nos comunicaremos contigo para coordinarlo de forma segura y personal.<\/p>\n<\/div><\/div>\n\n<\/div><\/div>\n\n<style>.kb-form input.kadence-blocks-field.verify{opacity:0.0;position:absolute;top:0.0;left:0.0;width:0.0;height:0.0;z-index:-1;}<\/style>\n<div class=\"wp-block-kadence-form kadence-form-14_f770c5-7a kb-form-wrap\"><form class=\"kb-form\" action=\"\" method=\"post\"><div class=\"kadence-blocks-form-field kb-field-desk-width-100 kb-input-size-standard\"><label for=\"kb_field_14_f770c5-7a_0\">Nombres y Apellidos<span class=\"required\">*<\/span><\/label><input name=\"kb_field_0\" id=\"kb_field_14_f770c5-7a_0\" data-label=\"Nombres y Apellidos\" type=\"text\" placeholder=\"\" value=\"\" data-type=\"text\" class=\"kb-field kb-text-style-field kb-text-field kb-field-0\" data-required=\"yes\"\/><\/div><div class=\"kadence-blocks-form-field kb-form-field-1 kb-field-desk-width-100 kb-input-size-standard\"><label for=\"kb_field_14_f770c5-7a_1\">Correo Electr\u00f3nico (Usaremos \u00e9ste correo para ponernos en contacto contigo)<span class=\"required\">*<\/span><\/label><input name=\"kb_field_1\" id=\"kb_field_14_f770c5-7a_1\" data-label=\"Correo Electr\u00f3nico (Usaremos \u00e9ste correo para ponernos en contacto contigo)\" type=\"email\" placeholder=\"\" value=\"\" data-type=\"email\" class=\"kb-field kb-text-style-field kb-email-field kb-field-1\" data-required=\"yes\"\/><\/div><div class=\"kadence-blocks-form-field kb-form-field-2 kb-field-desk-width-100 kb-input-size-standard\"><label for=\"kb_field_14_f770c5-7a_2\">Deja tu mensaje ac\u00e1<span class=\"required\">*<\/span><\/label><textarea name=\"kb_field_2\" id=\"kb_field_14_f770c5-7a_2\" data-label=\"Deja tu mensaje ac\u00e1\" type=\"textarea\" placeholder=\"\" data-type=\"textarea\" class=\"kb-field kb-text-style-field kb-textarea-field kb-field-2\" rows=\"4\" data-required=\"yes\"><\/textarea><\/div><input type=\"hidden\" name=\"_kb_form_id\" value=\"14_f770c5-7a\"\/><input type=\"hidden\" name=\"_kb_form_post_id\" value=\"14\"\/><input type=\"hidden\" name=\"action\" value=\"kb_process_ajax_submit\"\/><input type=\"hidden\" name=\"recaptcha_response\" class=\"kb_recaptcha_response kb_recaptcha_14_f770c5-7a\"\/><label class=\"kadence-verify-label\">Email<input class=\"kadence-blocks-field verify\" type=\"text\" name=\"_kb_verify_email\" autocomplete=\"new-password\" aria-hidden=\"true\" placeholder=\"Email\" tabindex=\"-1\" data-1p-ignore=\"true\" data-lpignore=\"true\" \/><\/label><div class=\"kadence-blocks-form-field kb-submit-field kb-field-desk-width-100\"><button class=\"kb-forms-submit button kb-button-size-standard kb-button-width-auto\">Submit<\/button><\/div><\/form><\/div>\n<noscript><div class=\"kadence-blocks-form-message kadence-blocks-form-warning\">Please enable JavaScript in your browser to submit the form<\/div><style>.kadence-form-14_f770c5-7a .kadence-blocks-form-field.kb-submit-field { display: none; }<\/style><\/noscript>\n\n\n<p><\/p>\n","protected":false},"excerpt":{"rendered":"<p>\u00danete como Patrocinador El Festival Americano del Ma\u00edz es una plataforma cultural \u00fanica con un profundo impacto comunitario. Al convertirte en patrocinador, tu marca se asocia a valores de tradici\u00f3n, sostenibilidad y desarrollo social, ganando visibilidad ante un p\u00fablico comprometido. Ofrecemos diversos planes de patrocinio adaptados a tus objetivos. Perm\u00edtenos mostrarte c\u00f3mo tu apoyo puede&#8230;<\/p>\n","protected":false},"author":1,"featured_media":0,"parent":0,"menu_order":0,"comment_status":"closed","ping_status":"closed","template":"","meta":{"_kad_post_transparent":"","_kad_post_title":"","_kad_post_layout":"","_kad_post_sidebar_id":"","_kad_post_content_style":"","_kad_post_vertical_padding":"","_kad_post_feature":"","_kad_post_feature_position":"","_kad_post_header":false,"_kad_post_footer":false,"footnotes":""},"class_list":["post-14","page","type-page","status-publish","hentry"],"_links":{"self":[{"href":"https:\/\/festivalamericanodelmaiz.com\/index.php\/wp-json\/wp\/v2\/pages\/14","targetHints":{"allow":["GET"]}}],"collection":[{"href":"https:\/\/festivalamericanodelmaiz.com\/index.php\/wp-json\/wp\/v2\/pages"}],"about":[{"href":"https:\/\/festivalamericanodelmaiz.com\/index.php\/wp-json\/wp\/v2\/types\/page"}],"author":[{"embeddable":true,"href":"https:\/\/festivalamericanodelmaiz.com\/index.php\/wp-json\/wp\/v2\/users\/1"}],"replies":[{"embeddable":true,"href":"https:\/\/festivalamericanodelmaiz.com\/index.php\/wp-json\/wp\/v2\/comments?post=14"}],"version-history":[{"count":5,"href":"https:\/\/festivalamericanodelmaiz.com\/index.php\/wp-json\/wp\/v2\/pages\/14\/revisions"}],"predecessor-version":[{"id":182,"href":"https:\/\/festivalamericanodelmaiz.com\/index.php\/wp-json\/wp\/v2\/pages\/14\/revisions\/182"}],"wp:attachment":[{"href":"https:\/\/festivalamericanodelmaiz.com\/index.php\/wp-json\/wp\/v2\/media?parent=14"}],"curies":[{"name":"wp","href":"https:\/\/api.w.org\/{rel}","templated":true}]}}