{"id":10,"date":"2025-08-30T19:09:05","date_gmt":"2025-08-31T00:09:05","guid":{"rendered":"https:\/\/festivalamericanodelmaiz.com\/?page_id=10"},"modified":"2025-09-26T12:02:06","modified_gmt":"2025-09-26T17:02:06","slug":"fundacion-corfamaiz","status":"publish","type":"page","link":"https:\/\/festivalamericanodelmaiz.com\/index.php\/fundacion-corfamaiz\/","title":{"rendered":"Fundaci\u00f3n Corfamaiz"},"content":{"rendered":"<style>.kb-row-layout-id10_2a0062-77 > .kt-row-column-wrap{align-content:start;}:where(.kb-row-layout-id10_2a0062-77 > .kt-row-column-wrap) > .wp-block-kadence-column{justify-content:start;}.kb-row-layout-id10_2a0062-77 > .kt-row-column-wrap{column-gap:var(--global-kb-gap-md, 2rem);row-gap:var(--global-kb-gap-md, 2rem);padding-top:var(--global-kb-spacing-sm, 1.5rem);padding-bottom:var(--global-kb-spacing-sm, 1.5rem);grid-template-columns:minmax(0, 1fr);}.kb-row-layout-id10_2a0062-77 > .kt-row-layout-overlay{opacity:0.30;}@media all and (max-width: 1024px){.kb-row-layout-id10_2a0062-77 > .kt-row-column-wrap{grid-template-columns:minmax(0, 1fr);}}@media all and (max-width: 767px){.kb-row-layout-id10_2a0062-77 > .kt-row-column-wrap{grid-template-columns:minmax(0, 1fr);}}<\/style><div class=\"kb-row-layout-wrap kb-row-layout-id10_2a0062-77 alignnone wp-block-kadence-rowlayout\"><div class=\"kt-row-column-wrap kt-has-1-columns kt-row-layout-equal kt-tab-layout-inherit kt-mobile-layout-row kt-row-valign-top\">\n<style>.kadence-column10_0453e5-89 > .kt-inside-inner-col,.kadence-column10_0453e5-89 > .kt-inside-inner-col:before{border-top-left-radius:0px;border-top-right-radius:0px;border-bottom-right-radius:0px;border-bottom-left-radius:0px;}.kadence-column10_0453e5-89 > .kt-inside-inner-col{column-gap:var(--global-kb-gap-sm, 1rem);}.kadence-column10_0453e5-89 > .kt-inside-inner-col{flex-direction:column;}.kadence-column10_0453e5-89 > .kt-inside-inner-col > .aligncenter{width:100%;}.kadence-column10_0453e5-89 > .kt-inside-inner-col:before{opacity:0.3;}.kadence-column10_0453e5-89{position:relative;}@media all and (max-width: 1024px){.kadence-column10_0453e5-89 > .kt-inside-inner-col{flex-direction:column;justify-content:center;}}@media all and (max-width: 767px){.kadence-column10_0453e5-89 > .kt-inside-inner-col{flex-direction:column;justify-content:center;}}<\/style>\n<div class=\"wp-block-kadence-column kadence-column10_0453e5-89\"><div class=\"kt-inside-inner-col\">\n<div class=\"wp-block-columns is-layout-flex wp-container-core-columns-is-layout-9d6595d7 wp-block-columns-is-layout-flex\">\n<div class=\"wp-block-column is-layout-flow wp-block-column-is-layout-flow\" style=\"flex-basis:100%\"><style>.kb-row-layout-id10_b2d632-ae > .kt-row-column-wrap{align-content:start;}:where(.kb-row-layout-id10_b2d632-ae > .kt-row-column-wrap) > .wp-block-kadence-column{justify-content:start;}.kb-row-layout-id10_b2d632-ae > .kt-row-column-wrap{column-gap:var(--global-kb-gap-md, 2rem);row-gap:var(--global-kb-gap-md, 2rem);padding-top:var(--global-kb-spacing-sm, 1.5rem);padding-bottom:var(--global-kb-spacing-sm, 1.5rem);grid-template-columns:minmax(0, calc(32.6% - ((var(--global-kb-gap-md, 2rem) * 1 )\/2)))minmax(0, calc(67.4% - ((var(--global-kb-gap-md, 2rem) * 1 )\/2)));}.kb-row-layout-id10_b2d632-ae > .kt-row-layout-overlay{opacity:0.30;}@media all and (max-width: 1024px){.kb-row-layout-id10_b2d632-ae > .kt-row-column-wrap{grid-template-columns:minmax(0, 2fr) minmax(0, 1fr);}}@media all and (max-width: 767px){.kb-row-layout-id10_b2d632-ae > .kt-row-column-wrap{grid-template-columns:minmax(0, 1fr);}}<\/style><div class=\"kb-row-layout-wrap kb-row-layout-id10_b2d632-ae alignnone wp-block-kadence-rowlayout\"><div class=\"kt-row-column-wrap kt-has-2-columns kt-row-layout-left-golden kt-tab-layout-inherit kt-mobile-layout-row kt-row-valign-top\">\n<style>.kadence-column10_1eaa45-e8 > .kt-inside-inner-col,.kadence-column10_1eaa45-e8 > .kt-inside-inner-col:before{border-top-left-radius:0px;border-top-right-radius:0px;border-bottom-right-radius:0px;border-bottom-left-radius:0px;}.kadence-column10_1eaa45-e8 > .kt-inside-inner-col{column-gap:var(--global-kb-gap-sm, 1rem);}.kadence-column10_1eaa45-e8 > .kt-inside-inner-col{flex-direction:column;}.kadence-column10_1eaa45-e8 > .kt-inside-inner-col > .aligncenter{width:100%;}.kadence-column10_1eaa45-e8 > .kt-inside-inner-col:before{opacity:0.3;}.kadence-column10_1eaa45-e8{position:relative;}@media all and (max-width: 1024px){.kadence-column10_1eaa45-e8 > .kt-inside-inner-col{flex-direction:column;justify-content:center;}}@media all and (max-width: 767px){.kadence-column10_1eaa45-e8 > .kt-inside-inner-col{flex-direction:column;justify-content:center;}}<\/style>\n<div class=\"wp-block-kadence-column kadence-column10_1eaa45-e8\"><div class=\"kt-inside-inner-col\"><style>.wp-block-kadence-image.kb-image10_20f673-bf:not(.kb-specificity-added):not(.kb-extra-specificity-added){margin-top:0px;}.kb-image10_20f673-bf .kb-image-has-overlay:after{opacity:0.3;}.kb-image10_20f673-bf img.kb-img, .kb-image10_20f673-bf .kb-img img{box-shadow:0px 35px 30px -5px rgba(0, 0, 0, 0.2);}<\/style>\n<figure class=\"wp-block-kadence-image kb-image10_20f673-bf alignwide size-medium\"><img loading=\"lazy\" decoding=\"async\" width=\"300\" height=\"300\" src=\"https:\/\/festivalamericanodelmaiz.com\/wp-content\/uploads\/2025\/09\/logo_corp_sf-300x300.png\" alt=\"\" class=\"kb-img wp-image-124\" srcset=\"https:\/\/festivalamericanodelmaiz.com\/wp-content\/uploads\/2025\/09\/logo_corp_sf-300x300.png 300w, https:\/\/festivalamericanodelmaiz.com\/wp-content\/uploads\/2025\/09\/logo_corp_sf-150x150.png 150w, https:\/\/festivalamericanodelmaiz.com\/wp-content\/uploads\/2025\/09\/logo_corp_sf.png 500w\" sizes=\"auto, (max-width: 300px) 100vw, 300px\" \/><\/figure>\n<\/div><\/div>\n\n\n<style>.kadence-column10_c2a966-ea > .kt-inside-inner-col,.kadence-column10_c2a966-ea > .kt-inside-inner-col:before{border-top-left-radius:0px;border-top-right-radius:0px;border-bottom-right-radius:0px;border-bottom-left-radius:0px;}.kadence-column10_c2a966-ea > .kt-inside-inner-col{column-gap:var(--global-kb-gap-sm, 1rem);}.kadence-column10_c2a966-ea > .kt-inside-inner-col{flex-direction:column;}.kadence-column10_c2a966-ea > .kt-inside-inner-col > .aligncenter{width:100%;}.kadence-column10_c2a966-ea > .kt-inside-inner-col:before{opacity:0.3;}.kadence-column10_c2a966-ea{position:relative;}@media all and (max-width: 1024px){.kadence-column10_c2a966-ea > .kt-inside-inner-col{flex-direction:column;justify-content:center;}}@media all and (max-width: 767px){.kadence-column10_c2a966-ea > .kt-inside-inner-col{flex-direction:column;justify-content:center;}}<\/style>\n<div class=\"wp-block-kadence-column kadence-column10_c2a966-ea\"><div class=\"kt-inside-inner-col\"><style>.kb-image10_9c298d-6c .kb-image-has-overlay:after{opacity:0.3;}<\/style>\n<figure class=\"wp-block-kadence-image kb-image10_9c298d-6c size-large\"><img loading=\"lazy\" decoding=\"async\" width=\"1024\" height=\"585\" src=\"https:\/\/festivalamericanodelmaiz.com\/wp-content\/uploads\/2025\/09\/b1_fundacion-1024x585.png\" alt=\"\" class=\"kb-img wp-image-164\" srcset=\"https:\/\/festivalamericanodelmaiz.com\/wp-content\/uploads\/2025\/09\/b1_fundacion-1024x585.png 1024w, https:\/\/festivalamericanodelmaiz.com\/wp-content\/uploads\/2025\/09\/b1_fundacion-300x171.png 300w, https:\/\/festivalamericanodelmaiz.com\/wp-content\/uploads\/2025\/09\/b1_fundacion-768x439.png 768w, https:\/\/festivalamericanodelmaiz.com\/wp-content\/uploads\/2025\/09\/b1_fundacion.png 1344w\" sizes=\"auto, (max-width: 1024px) 100vw, 1024px\" \/><\/figure>\n<\/div><\/div>\n\n<\/div><\/div><\/div>\n<\/div>\n<\/div><\/div>\n\n<\/div><\/div>\n\n<style>.kb-row-layout-id10_a9c806-4d > .kt-row-column-wrap{align-content:start;}:where(.kb-row-layout-id10_a9c806-4d > .kt-row-column-wrap) > .wp-block-kadence-column{justify-content:start;}.kb-row-layout-id10_a9c806-4d > .kt-row-column-wrap{column-gap:var(--global-kb-gap-lg, 4rem);row-gap:var(--global-kb-gap-md, 2rem);padding-top:var(--global-kb-spacing-sm, 1.5rem);padding-bottom:var(--global-kb-spacing-sm, 1.5rem);grid-template-columns:minmax(0, calc(50% - ((var(--global-kb-gap-lg, 4rem) * 1 )\/2)))minmax(0, calc(50% - ((var(--global-kb-gap-lg, 4rem) * 1 )\/2)));}.kb-row-layout-id10_a9c806-4d > .kt-row-layout-overlay{opacity:0.30;}@media all and (max-width: 1024px){.kb-row-layout-id10_a9c806-4d > .kt-row-column-wrap{grid-template-columns:repeat(2, minmax(0, 1fr));}}@media all and (max-width: 767px){.kb-row-layout-id10_a9c806-4d > .kt-row-column-wrap{grid-template-columns:minmax(0, 1fr);}}<\/style><div class=\"kb-row-layout-wrap kb-row-layout-id10_a9c806-4d alignnone wp-block-kadence-rowlayout\"><div class=\"kt-row-column-wrap kt-has-2-columns kt-row-layout-equal kt-tab-layout-inherit kt-mobile-layout-row kt-row-valign-top\">\n<style>.kadence-column10_5cf2ac-28 > .kt-inside-inner-col,.kadence-column10_5cf2ac-28 > .kt-inside-inner-col:before{border-top-left-radius:0px;border-top-right-radius:0px;border-bottom-right-radius:0px;border-bottom-left-radius:0px;}.kadence-column10_5cf2ac-28 > .kt-inside-inner-col{column-gap:var(--global-kb-gap-sm, 1rem);}.kadence-column10_5cf2ac-28 > .kt-inside-inner-col{flex-direction:column;}.kadence-column10_5cf2ac-28 > .kt-inside-inner-col > .aligncenter{width:100%;}.kadence-column10_5cf2ac-28 > .kt-inside-inner-col:before{opacity:0.3;}.kadence-column10_5cf2ac-28{position:relative;}@media all and (max-width: 1024px){.kadence-column10_5cf2ac-28 > .kt-inside-inner-col{flex-direction:column;justify-content:center;}}@media all and (max-width: 767px){.kadence-column10_5cf2ac-28 > .kt-inside-inner-col{flex-direction:column;justify-content:center;}}<\/style>\n<div class=\"wp-block-kadence-column kadence-column10_5cf2ac-28\"><div class=\"kt-inside-inner-col\"><style>.wp-block-kadence-advancedheading.kt-adv-heading10_e762ae-65, .wp-block-kadence-advancedheading.kt-adv-heading10_e762ae-65[data-kb-block=\"kb-adv-heading10_e762ae-65\"]{text-align:center;font-style:normal;}.wp-block-kadence-advancedheading.kt-adv-heading10_e762ae-65 mark.kt-highlight, .wp-block-kadence-advancedheading.kt-adv-heading10_e762ae-65[data-kb-block=\"kb-adv-heading10_e762ae-65\"] mark.kt-highlight{font-style:normal;color:#f76a0c;-webkit-box-decoration-break:clone;box-decoration-break:clone;padding-top:0px;padding-right:0px;padding-bottom:0px;padding-left:0px;}<\/style>\n<h2 class=\"kt-adv-heading10_e762ae-65 wp-block-kadence-advancedheading\" data-kb-block=\"kb-adv-heading10_e762ae-65\">Nuestra misi\u00f3n<\/h2>\n\n\n\n<p>Somos una fundaci\u00f3n dedicada a la recuperaci\u00f3n, protecci\u00f3n y celebraci\u00f3n de la memoria cultural del ma\u00edz en Am\u00e9rica. A trav\u00e9s de la organizaci\u00f3n de eventos como el Festival Americano del Ma\u00edz, creamos espacios vibrantes para el encuentro de saberes, el fortalecimiento de las econom\u00edas locales y la promoci\u00f3n de expresiones art\u00edsticas y gastron\u00f3micas. Trabajamos para unir a comunidades, agricultores, artistas y acad\u00e9micos, fomentando un profundo sentido de pertenencia y orgullo por nuestras ra\u00edces.<\/p>\n<\/div><\/div>\n\n\n<style>.kadence-column10_09ea10-ef > .kt-inside-inner-col,.kadence-column10_09ea10-ef > .kt-inside-inner-col:before{border-top-left-radius:0px;border-top-right-radius:0px;border-bottom-right-radius:0px;border-bottom-left-radius:0px;}.kadence-column10_09ea10-ef > .kt-inside-inner-col{column-gap:var(--global-kb-gap-sm, 1rem);}.kadence-column10_09ea10-ef > .kt-inside-inner-col{flex-direction:column;}.kadence-column10_09ea10-ef > .kt-inside-inner-col > .aligncenter{width:100%;}.kadence-column10_09ea10-ef > .kt-inside-inner-col:before{opacity:0.3;}.kadence-column10_09ea10-ef{position:relative;}@media all and (max-width: 1024px){.kadence-column10_09ea10-ef > .kt-inside-inner-col{flex-direction:column;justify-content:center;}}@media all and (max-width: 767px){.kadence-column10_09ea10-ef > .kt-inside-inner-col{flex-direction:column;justify-content:center;}}<\/style>\n<div class=\"wp-block-kadence-column kadence-column10_09ea10-ef\"><div class=\"kt-inside-inner-col\"><style>.wp-block-kadence-advancedheading.kt-adv-heading10_394897-23, .wp-block-kadence-advancedheading.kt-adv-heading10_394897-23[data-kb-block=\"kb-adv-heading10_394897-23\"]{text-align:center;font-style:normal;}.wp-block-kadence-advancedheading.kt-adv-heading10_394897-23 mark.kt-highlight, .wp-block-kadence-advancedheading.kt-adv-heading10_394897-23[data-kb-block=\"kb-adv-heading10_394897-23\"] mark.kt-highlight{font-style:normal;color:#f76a0c;-webkit-box-decoration-break:clone;box-decoration-break:clone;padding-top:0px;padding-right:0px;padding-bottom:0px;padding-left:0px;}<\/style>\n<h2 class=\"kt-adv-heading10_394897-23 wp-block-kadence-advancedheading\" data-kb-block=\"kb-adv-heading10_394897-23\">Nuestra Visi\u00f3n<\/h2>\n\n\n\n<p>Ser reconocidos como un referente cultural en el continente, consolidando una plataforma sostenible que inspire a las presentes y futuras generaciones a valorar y proteger el legado del ma\u00edz. Aspiramos a construir una red continental de colaboraci\u00f3n y conocimiento, donde la riqueza de nuestra herencia ancestral sea el motor para el desarrollo comunitario, la soberan\u00eda alimentaria y el di\u00e1logo intercultural.<\/p>\n<\/div><\/div>\n\n<\/div><\/div>\n\n<style>.kb-row-layout-id10_c79e6d-93 > .kt-row-column-wrap{align-content:start;}:where(.kb-row-layout-id10_c79e6d-93 > .kt-row-column-wrap) > .wp-block-kadence-column{justify-content:start;}.kb-row-layout-id10_c79e6d-93 > .kt-row-column-wrap{column-gap:var(--global-kb-gap-md, 2rem);row-gap:var(--global-kb-gap-md, 2rem);padding-top:var(--global-kb-spacing-sm, 1.5rem);padding-bottom:var(--global-kb-spacing-sm, 1.5rem);grid-template-columns:minmax(0, 1fr);}.kb-row-layout-id10_c79e6d-93 > .kt-row-layout-overlay{opacity:0.30;}@media all and (max-width: 1024px){.kb-row-layout-id10_c79e6d-93 > .kt-row-column-wrap{grid-template-columns:minmax(0, 1fr);}}@media all and (max-width: 767px){.kb-row-layout-id10_c79e6d-93 > .kt-row-column-wrap{grid-template-columns:minmax(0, 1fr);}}<\/style><div class=\"kb-row-layout-wrap kb-row-layout-id10_c79e6d-93 alignnone has-theme-palette7-background-color kt-row-has-bg wp-block-kadence-rowlayout\"><div class=\"kt-row-column-wrap kt-has-1-columns kt-row-layout-equal kt-tab-layout-inherit kt-mobile-layout-row kt-row-valign-top\">\n<style>.kadence-column10_e124c2-5b > .kt-inside-inner-col,.kadence-column10_e124c2-5b > .kt-inside-inner-col:before{border-top-left-radius:0px;border-top-right-radius:0px;border-bottom-right-radius:0px;border-bottom-left-radius:0px;}.kadence-column10_e124c2-5b > .kt-inside-inner-col{column-gap:var(--global-kb-gap-sm, 1rem);}.kadence-column10_e124c2-5b > .kt-inside-inner-col{flex-direction:column;}.kadence-column10_e124c2-5b > .kt-inside-inner-col > .aligncenter{width:100%;}.kadence-column10_e124c2-5b > .kt-inside-inner-col:before{opacity:0.3;}.kadence-column10_e124c2-5b{position:relative;}@media all and (max-width: 1024px){.kadence-column10_e124c2-5b > .kt-inside-inner-col{flex-direction:column;justify-content:center;}}@media all and (max-width: 767px){.kadence-column10_e124c2-5b > .kt-inside-inner-col{flex-direction:column;justify-content:center;}}<\/style>\n<div class=\"wp-block-kadence-column kadence-column10_e124c2-5b\"><div class=\"kt-inside-inner-col\"><style>.wp-block-kadence-advancedheading.kt-adv-heading10_1c4c07-c7, .wp-block-kadence-advancedheading.kt-adv-heading10_1c4c07-c7[data-kb-block=\"kb-adv-heading10_1c4c07-c7\"]{margin-top:var(--global-kb-spacing-sm, 1.5rem);margin-bottom:var(--global-kb-spacing-sm, 1.5rem);text-align:center;font-style:normal;}.wp-block-kadence-advancedheading.kt-adv-heading10_1c4c07-c7 mark.kt-highlight, .wp-block-kadence-advancedheading.kt-adv-heading10_1c4c07-c7[data-kb-block=\"kb-adv-heading10_1c4c07-c7\"] mark.kt-highlight{font-style:normal;color:#f76a0c;-webkit-box-decoration-break:clone;box-decoration-break:clone;padding-top:0px;padding-right:0px;padding-bottom:0px;padding-left:0px;}<\/style>\n<h2 class=\"kt-adv-heading10_1c4c07-c7 wp-block-kadence-advancedheading\" data-kb-block=\"kb-adv-heading10_1c4c07-c7\">\u00bfListo para ser parte de nuestra Fundaci\u00f3n?<\/h2>\n\n\n\n<p>Tu apoyo es la semilla de nuestro futuro. Cont\u00e1ctanos, dona o \u00fanete como patrocinador.<\/p>\n<\/div><\/div>\n\n<\/div><\/div>\n\n<style>.wp-block-kadence-advancedbtn.kb-btns10_0a5233-2b{gap:var(--global-kb-gap-xs, 0.5rem );justify-content:center;align-items:center;}.kt-btns10_0a5233-2b .kt-button{font-weight:normal;font-style:normal;}.kt-btns10_0a5233-2b .kt-btn-wrap-0{margin-right:5px;}.wp-block-kadence-advancedbtn.kt-btns10_0a5233-2b .kt-btn-wrap-0 .kt-button{color:#555555;border-color:#555555;}.wp-block-kadence-advancedbtn.kt-btns10_0a5233-2b .kt-btn-wrap-0 .kt-button:hover, .wp-block-kadence-advancedbtn.kt-btns10_0a5233-2b .kt-btn-wrap-0 .kt-button:focus{color:#ffffff;border-color:#444444;}.wp-block-kadence-advancedbtn.kt-btns10_0a5233-2b .kt-btn-wrap-0 .kt-button::before{display:none;}.wp-block-kadence-advancedbtn.kt-btns10_0a5233-2b .kt-btn-wrap-0 .kt-button:hover, .wp-block-kadence-advancedbtn.kt-btns10_0a5233-2b .kt-btn-wrap-0 .kt-button:focus{background:#444444;}<\/style>\n<div class=\"wp-block-kadence-advancedbtn kb-buttons-wrap kb-btns10_0a5233-2b\"><style>ul.menu .wp-block-kadence-advancedbtn .kb-btn10_d0a4b9-3f.kb-button{width:initial;}.wp-block-kadence-advancedbtn .kb-btn10_d0a4b9-3f.kb-button{margin-top:var(--global-kb-spacing-xs, 1rem);box-shadow:20px 20px 30px 0px rgba(0, 0, 0, 0.2);}<\/style><a class=\"kb-button kt-button button kb-btn10_d0a4b9-3f kt-btn-size-standard kt-btn-width-type-auto kb-btn-global-inherit kt-btn-has-text-true kt-btn-has-svg-false  wp-block-button__link wp-block-kadence-singlebtn\" href=\"https:\/\/festivalamericanodelmaiz.com\/index.php\/participa\/\"><span class=\"kt-btn-inner-text\">\u00a1Quiero Participar!<\/span><\/a><\/div>\n\n\n\n<p><\/p>\n","protected":false},"excerpt":{"rendered":"<p>Nuestra misi\u00f3n Somos una fundaci\u00f3n dedicada a la recuperaci\u00f3n, protecci\u00f3n y celebraci\u00f3n de la memoria cultural del ma\u00edz en Am\u00e9rica. A trav\u00e9s de la organizaci\u00f3n de eventos como el Festival Americano del Ma\u00edz, creamos espacios vibrantes para el encuentro de saberes, el fortalecimiento de las econom\u00edas locales y la promoci\u00f3n de expresiones art\u00edsticas y gastron\u00f3micas&#8230;.<\/p>\n","protected":false},"author":1,"featured_media":0,"parent":0,"menu_order":0,"comment_status":"closed","ping_status":"closed","template":"","meta":{"_kad_post_transparent":"","_kad_post_title":"","_kad_post_layout":"","_kad_post_sidebar_id":"","_kad_post_content_style":"","_kad_post_vertical_padding":"","_kad_post_feature":"","_kad_post_feature_position":"","_kad_post_header":false,"_kad_post_footer":false,"footnotes":""},"class_list":["post-10","page","type-page","status-publish","hentry"],"_links":{"self":[{"href":"https:\/\/festivalamericanodelmaiz.com\/index.php\/wp-json\/wp\/v2\/pages\/10","targetHints":{"allow":["GET"]}}],"collection":[{"href":"https:\/\/festivalamericanodelmaiz.com\/index.php\/wp-json\/wp\/v2\/pages"}],"about":[{"href":"https:\/\/festivalamericanodelmaiz.com\/index.php\/wp-json\/wp\/v2\/types\/page"}],"author":[{"embeddable":true,"href":"https:\/\/festivalamericanodelmaiz.com\/index.php\/wp-json\/wp\/v2\/users\/1"}],"replies":[{"embeddable":true,"href":"https:\/\/festivalamericanodelmaiz.com\/index.php\/wp-json\/wp\/v2\/comments?post=10"}],"version-history":[{"count":8,"href":"https:\/\/festivalamericanodelmaiz.com\/index.php\/wp-json\/wp\/v2\/pages\/10\/revisions"}],"predecessor-version":[{"id":177,"href":"https:\/\/festivalamericanodelmaiz.com\/index.php\/wp-json\/wp\/v2\/pages\/10\/revisions\/177"}],"wp:attachment":[{"href":"https:\/\/festivalamericanodelmaiz.com\/index.php\/wp-json\/wp\/v2\/media?parent=10"}],"curies":[{"name":"wp","href":"https:\/\/api.w.org\/{rel}","templated":true}]}}